{"id":681,"date":"2024-10-07T04:58:24","date_gmt":"2024-10-07T04:58:24","guid":{"rendered":"https:\/\/demo.aura.com.vn\/?page_id=681"},"modified":"2025-07-09T15:54:49","modified_gmt":"2025-07-09T08:54:49","slug":"lien-he","status":"publish","type":"page","link":"https:\/\/aura.com.vn\/en\/lien-he\/","title":{"rendered":"Contact"},"content":{"rendered":"<div class=\"img has-hover x md-x lg-x y md-y lg-y\" id=\"image_122043924\">\n\t\t\t\t\t\t\t\t<div class=\"img-inner dark\" >\n\t\t\t<img loading=\"lazy\" decoding=\"async\" width=\"2560\" height=\"1169\" src=\"https:\/\/aura.com.vn\/wp-content\/uploads\/2024\/12\/Banner-contact-scaled.jpg\" class=\"attachment-original size-original\" alt=\"\" srcset=\"https:\/\/aura.com.vn\/wp-content\/uploads\/2024\/12\/Banner-contact-scaled.jpg 2560w, https:\/\/aura.com.vn\/wp-content\/uploads\/2024\/12\/Banner-contact-300x137.jpg 300w, https:\/\/aura.com.vn\/wp-content\/uploads\/2024\/12\/Banner-contact-1024x468.jpg 1024w, https:\/\/aura.com.vn\/wp-content\/uploads\/2024\/12\/Banner-contact-768x351.jpg 768w, https:\/\/aura.com.vn\/wp-content\/uploads\/2024\/12\/Banner-contact-1536x701.jpg 1536w, https:\/\/aura.com.vn\/wp-content\/uploads\/2024\/12\/Banner-contact-2048x935.jpg 2048w\" sizes=\"auto, (max-width: 2560px) 100vw, 2560px\" \/>\t\t\t\t\t\t\n\t\t\t\t\t<\/div>\n\t\t\t\t\t\t\t\t\n<style>\n#image_122043924 {\n  width: 100%;\n}\n<\/style>\n\t<\/div>\n\t\n\n\t<div id=\"stack-2490123963\" class=\"stack stack-row justify-start items-stretch\">\n\t\t\n\n\t<div id=\"gap-632554732\" class=\"gap-element clearfix\" style=\"display:block; height:auto;\">\n\t\t\n<style>\n#gap-632554732 {\n  padding-top: 50px;\n}\n<\/style>\n\t<\/div>\n\t\n\n\n\t\t\n<style>\n#stack-2490123963 > * {\n  --stack-gap: 0rem;\n}\n<\/style>\n\t<\/div>\n\t\n\n\t<section class=\"section\" id=\"section_365314565\">\n\t\t<div class=\"section-bg fill\" >\n\t\t\t\t\t\t\t\t\t\n\t\t\t\n\n\t\t<\/div>\n\n\t\t\n\n\t\t<div class=\"section-content relative\">\n\t\t\t\n\n<div class=\"row align-center\"  id=\"row-1282657079\">\n\n\n\t<div id=\"col-1690161983\" class=\"col small-12 large-12\"  >\n\t\t\t\t<div class=\"col-inner text-center\"  >\n\t\t\t\n\t\t\t\n\n\t<div id=\"text-1899567362\" class=\"text\">\n\t\t\n\n<h2 class=\"uppercase\"><span style=\"font-size: 120%;\"><strong>CONTACT INFORMATION<\/strong><\/span><\/h2>\n\t\t\n<style>\n#text-1899567362 {\n  color: #f26524;\n}\n#text-1899567362 > * {\n  color: #f26524;\n}\n<\/style>\n\t<\/div>\n\t\n\t<div id=\"gap-622736234\" class=\"gap-element clearfix\" style=\"display:block; height:auto;\">\n\t\t\n<style>\n#gap-622736234 {\n  padding-top: 30px;\n}\n<\/style>\n\t<\/div>\n\t\n\n<div class=\"row\"  id=\"row-804720032\">\n\n\n\t<div id=\"col-93140660\" class=\"col medium-6 small-12 large-6\"  >\n\t\t\t\t<div class=\"col-inner\"  >\n\t\t\t\n\t\t\t\n\n<h3 style=\"text-align: left;\"><strong>We understand that you are struggling to choose the most ideal solution for your living space and business.<\/strong><\/h3>\n<p style=\"text-align: left;\"><span style=\"color: #000000;\">Let our team of experts listen to your wishes and help you make the best choice! Thank you for contacting us.<\/span><\/p>\n<h3 style=\"text-align: left;\"><strong>Contact information<\/strong><\/h3>\n<div class=\"ux-menu stack stack-col justify-start ux-menu--divider-solid\">\n<ul>\n<li class=\"ux-menu-link flex menu-item\" style=\"text-align: left;\"><i class=\"ux-menu-link__icon text-center icon-phone\"><\/i><span class=\"ux-menu-link__text\" style=\"color: #000000;\">Hotline: +84 899 199 799<\/span><\/li>\n<li class=\"ux-menu-link flex menu-item\" style=\"text-align: left;\"><span style=\"color: #000000;\"><i class=\"ux-menu-link__icon text-center icon-map-pin-fill\"><\/i><span class=\"ux-menu-link__text\">Address: 27 Quoc Huong, An Khanh Ward, Ho Chi Minh City, VN<\/span><\/span><\/li>\n<li class=\"ux-menu-link flex menu-item\" style=\"text-align: left;\"><span style=\"color: #000000;\"><i class=\"ux-menu-link__icon text-center icon-envelop\"><\/i><span class=\"ux-menu-link__text\">Email: info@aura.com.vn<\/span><\/span><\/li>\n<\/ul>\n<p>\u00a0<\/p>\n<p style=\"text-align: left;\"><span style=\"color: #000000;\">We will respond within 24 working hours.\u00a0<\/span><\/p>\n<\/div>\n\n\t\t<\/div>\n\t\t\t\t\t<\/div>\n\n\t\n\n\t<div id=\"col-820453297\" class=\"col medium-6 small-12 large-6\"  >\n\t\t\t\t<div class=\"col-inner text-left\"  >\n\t\t\t\n\t\t\t\n\n<h3><span style=\"color: #333333;\"><strong>Leave your information in the form below<\/strong><\/span><\/h3>\n\t<div id=\"text-1505067875\" class=\"text\">\n\t\t\n\n<p><span style=\"font-size: 90%;\"><div class=\"wpforms-container wpforms-container-full wpforms-render-modern\" id=\"wpforms-1437\"><form id=\"wpforms-form-1437\" class=\"wpforms-validate wpforms-form wpforms-ajax-form\" data-formid=\"1437\" method=\"post\" enctype=\"multipart\/form-data\" action=\"\/en\/wp-json\/wp\/v2\/pages\/681\" data-token=\"f137c1c85aeae0d4cb0f3e1305a58ca2\" data-token-time=\"1775487052\" data-trp-original-action=\"\/en\/wp-json\/wp\/v2\/pages\/681\"><noscript class=\"wpforms-error-noscript\">Please enable JavaScript in your browser to complete this form.<\/noscript><div class=\"wpforms-hidden\" id=\"wpforms-error-noscript\">Please enable JavaScript in your browser to complete this form.<\/div><div class=\"wpforms-field-container\"><div id=\"wpforms-1437-field_6-container\" class=\"wpforms-field wpforms-field-text\" data-field-id=\"6\"><label class=\"wpforms-field-label\" for=\"wpforms-1437-field_6\">Full name <span class=\"wpforms-required-label\" aria-hidden=\"true\">*<\/span><\/label><input type=\"text\" id=\"wpforms-1437-field_6\" class=\"wpforms-field-large wpforms-field-required\" name=\"wpforms[fields][6]\" placeholder=\"Enter your first and last name\" aria-errormessage=\"wpforms-1437-field_6-error\" required><\/div><div id=\"wpforms-1437-field_5-container\" class=\"wpforms-field wpforms-field-number\" data-field-id=\"5\"><label class=\"wpforms-field-label\" for=\"wpforms-1437-field_5\">Phone number <span class=\"wpforms-required-label\" aria-hidden=\"true\">*<\/span><\/label><input type=\"number\" id=\"wpforms-1437-field_5\" class=\"wpforms-field-large wpforms-field-required\" name=\"wpforms[fields][5]\" placeholder=\"Enter phone number\" step=\"any\" aria-errormessage=\"wpforms-1437-field_5-error\" required><\/div><div id=\"wpforms-1437-field_2-container\" class=\"wpforms-field wpforms-field-email\" data-field-id=\"2\"><label class=\"wpforms-field-label\" for=\"wpforms-1437-field_2\">E-mail <span class=\"wpforms-required-label\" aria-hidden=\"true\">*<\/span><\/label><input type=\"email\" id=\"wpforms-1437-field_2\" class=\"wpforms-field-large wpforms-field-required\" name=\"wpforms[fields][2]\" placeholder=\"Enter email address \" spellcheck=\"false\" aria-errormessage=\"wpforms-1437-field_2-error\" required><\/div><div id=\"wpforms-1437-field_4-container\" class=\"wpforms-field wpforms-field-checkbox wpforms-list-2-columns\" data-field-id=\"4\"><fieldset><legend class=\"wpforms-field-label\"><\/legend><ul id=\"wpforms-1437-field_4\"><li class=\"choice-1 depth-1\"><input type=\"checkbox\" id=\"wpforms-1437-field_4_1\" name=\"wpforms[fields][4][]\" value=\"T\u01b0 v\u1ea5n d\u1ecbch v\u1ee5 nh\u00e0 th\u00f4ng minh\" aria-errormessage=\"wpforms-1437-field_4_1-error\"  ><label class=\"wpforms-field-label-inline\" for=\"wpforms-1437-field_4_1\">Smart home service consulting<\/label><\/li><li class=\"choice-2 depth-1\"><input type=\"checkbox\" id=\"wpforms-1437-field_4_2\" name=\"wpforms[fields][4][]\" value=\"Tr\u1edf th\u00e0nh \u0111\u1ea1i l\u00fd b\u00e1n h\u00e0ng\" aria-errormessage=\"wpforms-1437-field_4_2-error\"  ><label class=\"wpforms-field-label-inline\" for=\"wpforms-1437-field_4_2\">Become a sales agent<\/label><\/li><\/ul><\/fieldset><\/div><\/div><!-- .wpforms-field-container --><div class=\"wpforms-submit-container\" ><input type=\"hidden\" name=\"wpforms[id]\" value=\"1437\"><input type=\"hidden\" name=\"page_title\" value=\"\"><input type=\"hidden\" name=\"page_url\" value=\"https:\/\/aura.com.vn\/en\/wp-json\/wp\/v2\/pages\/681\"><input type=\"hidden\" name=\"url_referer\" value=\"\"><button type=\"submit\" name=\"wpforms[submit]\" id=\"wpforms-submit-1437\" class=\"wpforms-submit\" data-alt-text=\"Sending...\" data-submit-text=\"\u0110\u0102NG K\u00dd \" aria-live=\"assertive\" value=\"wpforms-submit\">REGISTER <\/button><img loading=\"lazy\" decoding=\"async\" src=\"https:\/\/aura.com.vn\/wp-content\/plugins\/wpforms-lite\/assets\/images\/submit-spin.svg\" class=\"wpforms-submit-spinner\" style=\"display: none;\" width=\"26\" height=\"26\" alt=\"Loading\"><\/div><input type=\"hidden\" name=\"trp-form-language\" value=\"en\"\/><\/form><\/div>  <!-- .wpforms-container --><\/span><\/p>\n\t\t\n<style>\n#text-1505067875 {\n  font-size: 0.9rem;\n  text-align: left;\n}\n<\/style>\n\t<\/div>\n\t\n\n\t\t<\/div>\n\t\t\t\t\t<\/div>\n\n\t\n\n<\/div>\n\n\t\t<\/div>\n\t\t\t\t\t<\/div>\n\n\t\n\n<\/div>\n\n\t\t<\/div>\n\n\t\t\n<style>\n#section_365314565 {\n  padding-top: 30px;\n  padding-bottom: 30px;\n  min-height: 300px;\n  background-color: rgb(255, 255, 255);\n}\n<\/style>\n\t<\/section>\n\t\n\n\n<iframe src=\"https:\/\/www.google.com\/maps\/embed?pb=!1m14!1m8!1m3!1d3919.0658580668114!2d106.713635!3d10.806268!3m2!1i1024!2i768!4f13.1!3m3!1m2!1s0x31752f79009727a9%3A0xca0b25afe79aa445!2sAura%20Intelligent%20Living!5e0!3m2!1svi!2sus!4v1733708610358!5m2!1svi!2sus\" width=\"1800\" height=\"450\" style=\"border:0;\" allowfullscreen=\"\" loading=\"lazy\" referrerpolicy=\"no-referrer-when-downgrade\"><\/iframe>","protected":false},"excerpt":{"rendered":"","protected":false},"author":1,"featured_media":1656,"parent":0,"menu_order":0,"comment_status":"closed","ping_status":"closed","template":"page-blank.php","meta":{"footnotes":""},"class_list":["post-681","page","type-page","status-publish","has-post-thumbnail","hentry"],"yoast_head":"<!-- This site is optimized with the Yoast SEO plugin v24.9 - https:\/\/yoast.com\/wordpress\/plugins\/seo\/ -->\n<title>Li\u00ean h\u1ec7 - Aura Pro Solutions<\/title>\n<meta name=\"robots\" content=\"index, follow, max-snippet:-1, max-image-preview:large, max-video-preview:-1\" \/>\n<link rel=\"canonical\" href=\"https:\/\/aura.com.vn\/en\/lien-he\/\" \/>\n<meta property=\"og:locale\" content=\"en_GB\" \/>\n<meta property=\"og:type\" content=\"article\" \/>\n<meta property=\"og:title\" content=\"Li\u00ean h\u1ec7 - Aura Pro Solutions\" \/>\n<meta property=\"og:url\" content=\"https:\/\/aura.com.vn\/en\/lien-he\/\" \/>\n<meta property=\"og:site_name\" content=\"Aura Pro Solutions\" \/>\n<meta property=\"article:modified_time\" content=\"2025-07-09T08:54:49+00:00\" \/>\n<meta property=\"og:image\" content=\"https:\/\/aura.com.vn\/wp-content\/uploads\/2024\/12\/Banner-contact-scaled.jpg\" \/>\n\t<meta property=\"og:image:width\" content=\"2560\" \/>\n\t<meta property=\"og:image:height\" content=\"1169\" \/>\n\t<meta property=\"og:image:type\" content=\"image\/jpeg\" \/>\n<meta name=\"twitter:card\" content=\"summary_large_image\" \/>\n<meta name=\"twitter:label1\" content=\"Estimated reading time\" \/>\n\t<meta name=\"twitter:data1\" content=\"1 minute\" \/>\n<script type=\"application\/ld+json\" class=\"yoast-schema-graph\">{\"@context\":\"https:\/\/schema.org\",\"@graph\":[{\"@type\":\"WebPage\",\"@id\":\"https:\/\/aura.com.vn\/lien-he\/\",\"url\":\"https:\/\/aura.com.vn\/lien-he\/\",\"name\":\"Li\u00ean h\u1ec7 - Aura Pro Solutions\",\"isPartOf\":{\"@id\":\"https:\/\/aura.com.vn\/#website\"},\"primaryImageOfPage\":{\"@id\":\"https:\/\/aura.com.vn\/lien-he\/#primaryimage\"},\"image\":{\"@id\":\"https:\/\/aura.com.vn\/lien-he\/#primaryimage\"},\"thumbnailUrl\":\"https:\/\/aura.com.vn\/wp-content\/uploads\/2024\/12\/Banner-contact-scaled.jpg\",\"datePublished\":\"2024-10-07T04:58:24+00:00\",\"dateModified\":\"2025-07-09T08:54:49+00:00\",\"breadcrumb\":{\"@id\":\"https:\/\/aura.com.vn\/lien-he\/#breadcrumb\"},\"inLanguage\":\"en-GB\",\"potentialAction\":[{\"@type\":\"ReadAction\",\"target\":[\"https:\/\/aura.com.vn\/lien-he\/\"]}]},{\"@type\":\"ImageObject\",\"inLanguage\":\"en-GB\",\"@id\":\"https:\/\/aura.com.vn\/lien-he\/#primaryimage\",\"url\":\"https:\/\/aura.com.vn\/wp-content\/uploads\/2024\/12\/Banner-contact-scaled.jpg\",\"contentUrl\":\"https:\/\/aura.com.vn\/wp-content\/uploads\/2024\/12\/Banner-contact-scaled.jpg\",\"width\":2560,\"height\":1169},{\"@type\":\"BreadcrumbList\",\"@id\":\"https:\/\/aura.com.vn\/lien-he\/#breadcrumb\",\"itemListElement\":[{\"@type\":\"ListItem\",\"position\":1,\"name\":\"Home\",\"item\":\"https:\/\/aura.com.vn\/\"},{\"@type\":\"ListItem\",\"position\":2,\"name\":\"Li\u00ean h\u1ec7\"}]},{\"@type\":\"WebSite\",\"@id\":\"https:\/\/aura.com.vn\/#website\",\"url\":\"https:\/\/aura.com.vn\/\",\"name\":\"Aura Pro Solutions\",\"description\":\"C\u00f4ng ty Hoa K\u1ef3 ti\u00ean phong c\u00e1c gi\u1ea3i ph\u00e1p th\u00f4ng minh\",\"potentialAction\":[{\"@type\":\"SearchAction\",\"target\":{\"@type\":\"EntryPoint\",\"urlTemplate\":\"https:\/\/aura.com.vn\/?s={search_term_string}\"},\"query-input\":{\"@type\":\"PropertyValueSpecification\",\"valueRequired\":true,\"valueName\":\"search_term_string\"}}],\"inLanguage\":\"en-GB\"}]}<\/script>\n<!-- \/ Yoast SEO plugin. -->","yoast_head_json":{"title":"Li\u00ean h\u1ec7 - Aura Pro Solutions","robots":{"index":"index","follow":"follow","max-snippet":"max-snippet:-1","max-image-preview":"max-image-preview:large","max-video-preview":"max-video-preview:-1"},"canonical":"https:\/\/aura.com.vn\/en\/lien-he\/","og_locale":"en_GB","og_type":"article","og_title":"Li\u00ean h\u1ec7 - Aura Pro Solutions","og_url":"https:\/\/aura.com.vn\/en\/lien-he\/","og_site_name":"Aura Pro Solutions","article_modified_time":"2025-07-09T08:54:49+00:00","og_image":[{"width":2560,"height":1169,"url":"https:\/\/aura.com.vn\/wp-content\/uploads\/2024\/12\/Banner-contact-scaled.jpg","type":"image\/jpeg"}],"twitter_card":"summary_large_image","twitter_misc":{"Estimated reading time":"1 minute"},"schema":{"@context":"https:\/\/schema.org","@graph":[{"@type":"WebPage","@id":"https:\/\/aura.com.vn\/lien-he\/","url":"https:\/\/aura.com.vn\/lien-he\/","name":"Li\u00ean h\u1ec7 - Aura Pro Solutions","isPartOf":{"@id":"https:\/\/aura.com.vn\/#website"},"primaryImageOfPage":{"@id":"https:\/\/aura.com.vn\/lien-he\/#primaryimage"},"image":{"@id":"https:\/\/aura.com.vn\/lien-he\/#primaryimage"},"thumbnailUrl":"https:\/\/aura.com.vn\/wp-content\/uploads\/2024\/12\/Banner-contact-scaled.jpg","datePublished":"2024-10-07T04:58:24+00:00","dateModified":"2025-07-09T08:54:49+00:00","breadcrumb":{"@id":"https:\/\/aura.com.vn\/lien-he\/#breadcrumb"},"inLanguage":"en-GB","potentialAction":[{"@type":"ReadAction","target":["https:\/\/aura.com.vn\/lien-he\/"]}]},{"@type":"ImageObject","inLanguage":"en-GB","@id":"https:\/\/aura.com.vn\/lien-he\/#primaryimage","url":"https:\/\/aura.com.vn\/wp-content\/uploads\/2024\/12\/Banner-contact-scaled.jpg","contentUrl":"https:\/\/aura.com.vn\/wp-content\/uploads\/2024\/12\/Banner-contact-scaled.jpg","width":2560,"height":1169},{"@type":"BreadcrumbList","@id":"https:\/\/aura.com.vn\/lien-he\/#breadcrumb","itemListElement":[{"@type":"ListItem","position":1,"name":"Home","item":"https:\/\/aura.com.vn\/"},{"@type":"ListItem","position":2,"name":"Li\u00ean h\u1ec7"}]},{"@type":"WebSite","@id":"https:\/\/aura.com.vn\/#website","url":"https:\/\/aura.com.vn\/","name":"Aura Pro Solutions","description":"C\u00f4ng ty Hoa K\u1ef3 ti\u00ean phong c\u00e1c gi\u1ea3i ph\u00e1p th\u00f4ng minh","potentialAction":[{"@type":"SearchAction","target":{"@type":"EntryPoint","urlTemplate":"https:\/\/aura.com.vn\/?s={search_term_string}"},"query-input":{"@type":"PropertyValueSpecification","valueRequired":true,"valueName":"search_term_string"}}],"inLanguage":"en-GB"}]}},"_links":{"self":[{"href":"https:\/\/aura.com.vn\/en\/wp-json\/wp\/v2\/pages\/681","targetHints":{"allow":["GET"]}}],"collection":[{"href":"https:\/\/aura.com.vn\/en\/wp-json\/wp\/v2\/pages"}],"about":[{"href":"https:\/\/aura.com.vn\/en\/wp-json\/wp\/v2\/types\/page"}],"author":[{"embeddable":true,"href":"https:\/\/aura.com.vn\/en\/wp-json\/wp\/v2\/users\/1"}],"replies":[{"embeddable":true,"href":"https:\/\/aura.com.vn\/en\/wp-json\/wp\/v2\/comments?post=681"}],"version-history":[{"count":24,"href":"https:\/\/aura.com.vn\/en\/wp-json\/wp\/v2\/pages\/681\/revisions"}],"predecessor-version":[{"id":1913,"href":"https:\/\/aura.com.vn\/en\/wp-json\/wp\/v2\/pages\/681\/revisions\/1913"}],"wp:featuredmedia":[{"embeddable":true,"href":"https:\/\/aura.com.vn\/en\/wp-json\/wp\/v2\/media\/1656"}],"wp:attachment":[{"href":"https:\/\/aura.com.vn\/en\/wp-json\/wp\/v2\/media?parent=681"}],"curies":[{"name":"wp","href":"https:\/\/api.w.org\/{rel}","templated":true}]}}